{"id":225,"date":"2017-05-30T11:51:32","date_gmt":"2017-05-30T11:51:32","guid":{"rendered":"http:\/\/100prozent-band.de\/?page_id=225"},"modified":"2020-01-20T16:39:11","modified_gmt":"2020-01-20T16:39:11","slug":"impressum","status":"publish","type":"page","link":"https:\/\/100prozent-band.de\/?page_id=225","title":{"rendered":"Impressum"},"content":{"rendered":"\t\t<div data-elementor-type=\"wp-page\" data-elementor-id=\"225\" class=\"elementor elementor-225\">\n\t\t\t\t\t\t<div class=\"elementor-inner\">\n\t\t\t\t<div class=\"elementor-section-wrap\">\n\t\t\t\t\t\t\t\t\t<section class=\"elementor-section elementor-top-section elementor-element elementor-element-b2c5cc0 elementor-section-boxed elementor-section-height-default elementor-section-height-default\" data-id=\"b2c5cc0\" data-element_type=\"section\">\n\t\t\t\t\t\t<div class=\"elementor-container elementor-column-gap-default\">\n\t\t\t\t\t\t\t<div class=\"elementor-row\">\n\t\t\t\t\t<div class=\"elementor-column elementor-col-100 elementor-top-column elementor-element elementor-element-00cdb93\" data-id=\"00cdb93\" data-element_type=\"column\">\n\t\t\t<div class=\"elementor-column-wrap elementor-element-populated\">\n\t\t\t\t\t\t\t<div class=\"elementor-widget-wrap\">\n\t\t\t\t\t\t<div class=\"elementor-element elementor-element-dfa7492 elementor-widget elementor-widget-heading\" data-id=\"dfa7492\" data-element_type=\"widget\" data-widget_type=\"heading.default\">\n\t\t\t\t<div class=\"elementor-widget-container\">\n\t\t\t<h2 class=\"elementor-heading-title elementor-size-default\">Impressum<\/h2>\t\t<\/div>\n\t\t\t\t<\/div>\n\t\t\t\t\t\t<\/div>\n\t\t\t\t\t<\/div>\n\t\t<\/div>\n\t\t\t\t\t\t\t\t<\/div>\n\t\t\t\t\t<\/div>\n\t\t<\/section>\n\t\t\t\t<section class=\"elementor-section elementor-top-section elementor-element elementor-element-b507b0c elementor-section-boxed elementor-section-height-default elementor-section-height-default\" data-id=\"b507b0c\" data-element_type=\"section\">\n\t\t\t\t\t\t<div class=\"elementor-container elementor-column-gap-default\">\n\t\t\t\t\t\t\t<div class=\"elementor-row\">\n\t\t\t\t\t<div class=\"elementor-column elementor-col-100 elementor-top-column elementor-element elementor-element-77f80f8\" data-id=\"77f80f8\" data-element_type=\"column\">\n\t\t\t<div class=\"elementor-column-wrap elementor-element-populated\">\n\t\t\t\t\t\t\t<div class=\"elementor-widget-wrap\">\n\t\t\t\t\t\t<div class=\"elementor-element elementor-element-4cd89e4 elementor-widget elementor-widget-text-editor\" data-id=\"4cd89e4\" data-element_type=\"widget\" data-widget_type=\"text-editor.default\">\n\t\t\t\t<div class=\"elementor-widget-container\">\n\t\t\t\t\t\t\t\t<div class=\"elementor-text-editor elementor-clearfix\">\n\t\t\t\t<p><b>Angaben gem\u00e4\u00df \u00a7 5 TMG:<\/b>&nbsp;<\/p>\n<p>100 PROZENT&nbsp;<\/p>\n<p>Inhaltlich verantwortlich:&nbsp;&nbsp;<\/p>\n<p>Carmen Falk&nbsp;<\/p>\n<p>Spieckern 1&nbsp;<\/p>\n<p>42399 Wuppertal&nbsp;<\/p><p><span style=\"font-size: 17px;\">Tel.: 0151-19436903&nbsp;<\/span><\/p>\n<p><\/p>\n<p><i>Alle angegebenen Preise sind Endpreise. Aufgrund des Kleinunternehmerstatus gem. \u00a7 19 UStG erheben wir keine Umsatzsteuer und weisen diese daher auch nicht aus.<\/i>&nbsp;<\/p>\n<p><\/p>\n<p><b>Urheberrecht<\/b>&nbsp;<\/p>\n<p>Die durch die Seitenbetreiber erstellten Inhalte und Werke auf diesen Seiten unterliegen dem deutschen Urheberrecht. Die Vervielf\u00e4ltigung, Bearbeitung, Verbreitung und jede Art der Verwertung au\u00dferhalb der Grenzen der Urheberrechtes bed\u00fcrfen der schriftlichen Zustimmung des jeweiligen Autors bzw. Erstellers. Downloads und Kopien dieser Seiten sind nur f\u00fcr den privaten, nicht kommerziellen Gebrauch gestattet. Soweit die Inhalte auf dieser Seite nicht vom Betreiber erstellt wurden, werden die Urheberrechte Dritter beachtet. Insbesondere werden Inhalte Dritter als solche gekennzeichnet. Sollten Sie trotzdem auf eine Urheberrechtsverletzung aufmerksam werden, bitten wir um einen entsprechenden Hinweis. Bei Bekanntwerden von Rechtsverletzungen werden wir derartige Inhalte umgehend entfernen.&nbsp;<\/p>\n<p><\/p>\n<p>Quellenangaben: Disclaimer (http:\/\/www.e-recht23.de\/muster-disclaimer.html) von eRecht24, dem Portal zum Internetrecht von RA S\u00f6ren Siebert)&nbsp;<\/p>\n<p><\/p>\n<p><b>Fotos:\u202f\u202f Daniel Falk<\/b><b>, Petra Fiedler (Heiraten Exklusiv Fotografie), Dennis Schmitt (Hochzeits- und Peoplefotografie)<\/b>&nbsp;<\/p>\t\t\t\t\t<\/div>\n\t\t\t\t\t\t<\/div>\n\t\t\t\t<\/div>\n\t\t\t\t\t\t<\/div>\n\t\t\t\t\t<\/div>\n\t\t<\/div>\n\t\t\t\t\t\t\t\t<\/div>\n\t\t\t\t\t<\/div>\n\t\t<\/section>\n\t\t\t\t\t\t\t\t\t<\/div>\n\t\t\t<\/div>\n\t\t\t\t\t<\/div>\n\t\t","protected":false},"excerpt":{"rendered":"<p>Impressum Angaben gem\u00e4\u00df \u00a7 5 TMG:&nbsp; 100 PROZENT&nbsp; Inhaltlich verantwortlich:&nbsp;&nbsp; Carmen Falk&nbsp; Spieckern 1&nbsp; 42399 Wuppertal&nbsp; Tel.: 0151-19436903&nbsp; Alle angegebenen Preise sind Endpreise. Aufgrund des Kleinunternehmerstatus gem. \u00a7 19 UStG erheben wir keine Umsatzsteuer und weisen diese daher auch nicht aus.&nbsp; Urheberrecht&nbsp; Die durch die Seitenbetreiber erstellten Inhalte und Werke auf diesen Seiten unterliegen dem [&hellip;]<\/p>\n","protected":false},"author":1,"featured_media":0,"parent":299,"menu_order":100,"comment_status":"closed","ping_status":"closed","template":"","meta":[],"_links":{"self":[{"href":"https:\/\/100prozent-band.de\/index.php?rest_route=\/wp\/v2\/pages\/225"}],"collection":[{"href":"https:\/\/100prozent-band.de\/index.php?rest_route=\/wp\/v2\/pages"}],"about":[{"href":"https:\/\/100prozent-band.de\/index.php?rest_route=\/wp\/v2\/types\/page"}],"author":[{"embeddable":true,"href":"https:\/\/100prozent-band.de\/index.php?rest_route=\/wp\/v2\/users\/1"}],"replies":[{"embeddable":true,"href":"https:\/\/100prozent-band.de\/index.php?rest_route=%2Fwp%2Fv2%2Fcomments&post=225"}],"version-history":[{"count":8,"href":"https:\/\/100prozent-band.de\/index.php?rest_route=\/wp\/v2\/pages\/225\/revisions"}],"predecessor-version":[{"id":426,"href":"https:\/\/100prozent-band.de\/index.php?rest_route=\/wp\/v2\/pages\/225\/revisions\/426"}],"up":[{"embeddable":true,"href":"https:\/\/100prozent-band.de\/index.php?rest_route=\/wp\/v2\/pages\/299"}],"wp:attachment":[{"href":"https:\/\/100prozent-band.de\/index.php?rest_route=%2Fwp%2Fv2%2Fmedia&parent=225"}],"curies":[{"name":"wp","href":"https:\/\/api.w.org\/{rel}","templated":true}]}}